{"id":2039,"date":"2021-03-04T16:09:39","date_gmt":"2021-03-04T15:09:39","guid":{"rendered":"https:\/\/cmbarreal.es\/produits\/detecteur-de-cribles-casses\/"},"modified":"2025-02-12T12:30:03","modified_gmt":"2025-02-12T11:30:03","slug":"detecteur-de-cribles-casses","status":"publish","type":"page","link":"https:\/\/cmbarreal.es\/fr\/produits\/detecteur-de-cribles-casses\/","title":{"rendered":"D\u00e9tecteur de cribles cass\u00e9s"},"content":{"rendered":"<p>[et_pb_section fb_built=\u00a0\u00bb1&Prime; admin_label=\u00a0\u00bbHero\u00a0\u00bb _builder_version=\u00a0\u00bb4.16&Prime; use_background_color_gradient=\u00a0\u00bbon\u00a0\u00bb background_color_gradient_type=\u00a0\u00bbcircular\u00a0\u00bb background_color_gradient_direction_radial=\u00a0\u00bbtop left\u00a0\u00bb background_color_gradient_stops=\u00a0\u00bbrgba(40,40,40,0.79) 0%|rgba(40,40,40,0.86) 100%\u00a0\u00bb background_color_gradient_overlays_image=\u00a0\u00bbon\u00a0\u00bb background_color_gradient_start=\u00a0\u00bbrgba(40,40,40,0.79)\u00a0\u00bb background_color_gradient_end=\u00a0\u00bbrgba(40,40,40,0.86)\u00a0\u00bb background_image=\u00a0\u00bbhttps:\/\/cmbarreal.es\/wp-content\/uploads\/2021\/02\/construction-21.jpg\u00a0\u00bb custom_margin=\u00a0\u00bb||||false\u00a0\u00bb custom_padding=\u00a0\u00bb6vw||6vw||true|false\u00a0\u00bb locked=\u00a0\u00bboff\u00a0\u00bb global_colors_info=\u00a0\u00bb{}\u00a0\u00bb][et_pb_row column_structure=\u00a0\u00bb2_3,1_3&Prime; _builder_version=\u00a0\u00bb4.16&Prime; custom_padding=\u00a0\u00bb|||20px|false|false\u00a0\u00bb border_width_left=\u00a0\u00bb12px\u00a0\u00bb border_color_left=\u00a0\u00bb#e80441&Prime; global_colors_info=\u00a0\u00bb{}\u00a0\u00bb][et_pb_column type=\u00a0\u00bb2_3&Prime; _builder_version=\u00a0\u00bb4.16&Prime; custom_padding=\u00a0\u00bb|||\u00a0\u00bb global_colors_info=\u00a0\u00bb{}\u00a0\u00bb custom_padding__hover=\u00a0\u00bb|||\u00a0\u00bb][et_pb_text _builder_version=\u00a0\u00bb4.19.0&Prime; text_font=\u00a0\u00bb||||||||\u00a0\u00bb header_font=\u00a0\u00bbBarlow Condensed|700|||||||\u00a0\u00bb header_font_size=\u00a0\u00bb64px\u00a0\u00bb header_line_height=\u00a0\u00bb1.1em\u00a0\u00bb background_layout=\u00a0\u00bbdark\u00a0\u00bb max_width=\u00a0\u00bb800px\u00a0\u00bb custom_margin=\u00a0\u00bb||0px|\u00a0\u00bb custom_padding=\u00a0\u00bb||||false|false\u00a0\u00bb text_font_size_tablet=\u00a0\u00bb14px\u00a0\u00bb text_font_size_last_edited=\u00a0\u00bboff|desktop\u00a0\u00bb header_font_size_tablet=\u00a0\u00bb44px\u00a0\u00bb header_font_size_phone=\u00a0\u00bb32px\u00a0\u00bb header_font_size_last_edited=\u00a0\u00bbon|phone\u00a0\u00bb border_color_all=\u00a0\u00bb#ffb400&Prime; border_style_all=\u00a0\u00bbnone\u00a0\u00bb border_width_left=\u00a0\u00bb10px\u00a0\u00bb global_colors_info=\u00a0\u00bb{}\u00a0\u00bb]<\/p>\n<h1>D\u00e9tecteur de cribles cass\u00e9s<\/h1>\n<p>[\/et_pb_text][\/et_pb_column][et_pb_column type=\u00a0\u00bb1_3&Prime; _builder_version=\u00a0\u00bb4.16&Prime; custom_padding=\u00a0\u00bb|||\u00a0\u00bb global_colors_info=\u00a0\u00bb{}\u00a0\u00bb custom_padding__hover=\u00a0\u00bb|||\u00a0\u00bb][\/et_pb_column][\/et_pb_row][\/et_pb_section][et_pb_section fb_built=\u00a0\u00bb1&Prime; _builder_version=\u00a0\u00bb4.16&Prime; _module_preset=\u00a0\u00bbdefault\u00a0\u00bb background_color=\u00a0\u00bbRGBA(0,0,0,0)\u00a0\u00bb custom_padding=\u00a0\u00bb60px||60px|||\u00a0\u00bb global_colors_info=\u00a0\u00bb{}\u00a0\u00bb][et_pb_row column_structure=\u00a0\u00bb1_2,1_2&Prime; _builder_version=\u00a0\u00bb4.16&Prime; _module_preset=\u00a0\u00bbdefault\u00a0\u00bb custom_padding=\u00a0\u00bb0px||0px|||\u00a0\u00bb global_colors_info=\u00a0\u00bb{}\u00a0\u00bb][et_pb_column type=\u00a0\u00bb1_2&Prime; _builder_version=\u00a0\u00bb4.16&Prime; _module_preset=\u00a0\u00bbdefault\u00a0\u00bb global_colors_info=\u00a0\u00bb{}\u00a0\u00bb][et_pb_text _builder_version=\u00a0\u00bb4.16&Prime; _module_preset=\u00a0\u00bbdefault\u00a0\u00bb header_2_font=\u00a0\u00bbBarlow Condensed|700|||||||\u00a0\u00bb header_2_font_size=\u00a0\u00bb42px\u00a0\u00bb custom_padding=\u00a0\u00bb0px|||||\u00a0\u00bb locked=\u00a0\u00bboff\u00a0\u00bb global_colors_info=\u00a0\u00bb{}\u00a0\u00bb]<\/p>\n<h2>CARACTERISTIQUES<\/h2>\n<p>[\/et_pb_text][et_pb_divider divider_weight=\u00a0\u00bb6px\u00a0\u00bb _builder_version=\u00a0\u00bb4.16&Prime; _module_preset=\u00a0\u00bbdefault\u00a0\u00bb width=\u00a0\u00bb12%\u00a0\u00bb global_colors_info=\u00a0\u00bb{}\u00a0\u00bb][\/et_pb_divider][et_pb_text _builder_version=\u00a0\u00bb4.19.0&Prime; _module_preset=\u00a0\u00bbdefault\u00a0\u00bb text_font_size=\u00a0\u00bb15px\u00a0\u00bb global_colors_info=\u00a0\u00bb{}\u00a0\u00bb]LE D\u00c9TECTEUR DE CRIBLES CASS\u00c9S ou \u00ab DCR \u00bb est un excellent \u00e9quipement de travail \u00e0 installer dans votre processus de production de pr\u00e9paration d\u2019aliments pour animaux. Comme son nom l\u2019indique, son objectif est de d\u00e9tecter une rupture intempestive des cribles du broyeur. Si, pour une raison quelconque, une quantit\u00e9 importante de grains non broy\u00e9s est d\u00e9tect\u00e9e dans la zone de traitement o\u00f9 il ne devrait y avoir que de la farine pour l\u2019alimentation animale, le d\u00e9tecteur de cribles cass\u00e9s, ou DCR, vous avertira d\u2019un d\u00e9faut de fonctionnement lors du processus de broyage. Le DCR combine qualit\u00e9, garantie et performances \u00e0 un prix tr\u00e8s comp\u00e9titif. <\/p>\n<p>Le fonctionnement de la machine, brevet\u00e9e par Barreal S.L. sous le num\u00e9ro de mod\u00e8le d\u2019utilit\u00e9 publique 200701682 aupr\u00e8s de l&rsquo;Office des marques et brevets, est tr\u00e8s simple et repose sur un \u00e9chantillonnage statistique continu, proportionnel au d\u00e9bit transport\u00e9, sans aucune interf\u00e9rence dans le processus. Le produit est collect\u00e9 \u00e0 un point accessible et qui ne g\u00e9n\u00e8re pas de perturbations, puis il est analys\u00e9 et renvoy\u00e9 dans le circuit sans intervention des op\u00e9rateurs de l\u2019usine. La machine analyse en permanence la granulom\u00e9trie de son produit et, lorsqu\u2019elle d\u00e9tecte une augmentation anormale du produit avec une granulom\u00e9trie sup\u00e9rieure \u00e0 la normale, elle avertit d\u2019un dysfonctionnement du broyage, g\u00e9n\u00e9ralement une rupture de tamis. La d\u00e9faillance est signal\u00e9e par un dispositif optique, acoustique ou les deux, \u00e0 placer dans la zone de contr\u00f4le s\u00e9curis\u00e9e du processus. Il est m\u00eame possible d\u2019envoyer le signal d\u2019alarme \u00e0 votre syst\u00e8me SCADA de contr\u00f4le de l\u2019usine, si n\u00e9cessaire, pour centraliser toutes les alertes.[\/et_pb_text][et_pb_text _builder_version=\u00a0\u00bb4.27.4&Prime; _module_preset=\u00a0\u00bbdefault\u00a0\u00bb header_3_font=\u00a0\u00bbBarlow Condensed||||||||\u00a0\u00bb header_3_font_size=\u00a0\u00bb14px\u00a0\u00bb header_3_letter_spacing=\u00a0\u00bb3px\u00a0\u00bb hover_enabled=\u00a0\u00bb0&Prime; locked=\u00a0\u00bboff\u00a0\u00bb global_colors_info=\u00a0\u00bb{}\u00a0\u00bb sticky_enabled=\u00a0\u00bb0&Prime;]<\/p>\n<h3><a href=\"https:\/\/cmbarreal.es\/fr\/produits\/\">EN SAVOIR PLUS SUR LES PRODUITS<\/a><\/h3>\n<p>[\/et_pb_text][\/et_pb_column][et_pb_column type=\u00a0\u00bb1_2&Prime; _builder_version=\u00a0\u00bb4.16&Prime; _module_preset=\u00a0\u00bbdefault\u00a0\u00bb global_colors_info=\u00a0\u00bb{}\u00a0\u00bb][et_pb_text _builder_version=\u00a0\u00bb4.19.0&Prime; _module_preset=\u00a0\u00bbdefault\u00a0\u00bb text_font_size=\u00a0\u00bb15px\u00a0\u00bb custom_padding=\u00a0\u00bb135px|||||\u00a0\u00bb global_colors_info=\u00a0\u00bb{}\u00a0\u00bb]Physiquement, il repose sur un convoyeur vibrant qui analyse une fraction de produit moulu du circuit de farines (sous la vis sans fin, \u00e0 la sortie de l&rsquo;\u00e9l\u00e9vateur, ou \u00e0 un autre point plus appropri\u00e9 et accessible) et le renvoie dans le m\u00eame circuit, en aval. En cas de rupture, cet \u00e9chantillonnage continu de produit moulu peut \u00eatre contamin\u00e9 par des grains gros ou non moulus. Les gros grains ne peuvent pas traverser le convoyeur vibrant et sont achemin\u00e9s vers une zone o\u00f9 ils sont quantifi\u00e9s. Si la quantit\u00e9 de gros grains ou de produits hors granulom\u00e9trie collect\u00e9s est faible, un interrupteur est activ\u00e9 pour signaler la situation anormale. Mais si, au contraire, la quantit\u00e9 dans le lot atteint la consigne qui d\u00e9limite la limite non tol\u00e9rable de grain hors tol\u00e9rance, un autre interrupteur d\u00e9clenchera une alarme avertissant de la situation exceptionnelle et n\u00e9cessitant l\u2019intervention \u00e9ventuelle du personnel de contr\u00f4le ou de maintenance de l\u2019usine. Ainsi, vous \u00e9viterez les probl\u00e8mes de qualit\u00e9 du produit final et, par cons\u00e9quent, les \u00ab non-conformit\u00e9s \u00bb de qualit\u00e9 de la part de vos clients.<\/p>\n<p>Chez Construcciones y Montajes Barreal, nous vous conseillons d\u2019utiliser le d\u00e9tecteur de cribles cass\u00e9s dans toutes les usines qui ont en stock de la farine provenant de c\u00e9r\u00e9ales broy\u00e9es pour l\u2019alimentation, en particulier les usines d\u2019aliments pour animaux. Tamiseur qui utilise des tamis tronconiques en t\u00f4le perfor\u00e9e. Le tamisage est effectu\u00e9 au moyen de brosses fix\u00e9es \u00e0 un arbre d&rsquo;entra\u00eenement et l&rsquo;alimentation est incorpor\u00e9e \u00e0 la machine elle-m\u00eame. La transmission se fait par poulie et courroies trap\u00e9zo\u00efdales.[\/et_pb_text][\/et_pb_column][\/et_pb_row][\/et_pb_section][et_pb_section fb_built=\u00a0\u00bb1&Prime; _builder_version=\u00a0\u00bb4.16&Prime; _module_preset=\u00a0\u00bbdefault\u00a0\u00bb global_colors_info=\u00a0\u00bb{}\u00a0\u00bb][et_pb_row _builder_version=\u00a0\u00bb4.16&Prime; _module_preset=\u00a0\u00bbdefault\u00a0\u00bb global_colors_info=\u00a0\u00bb{}\u00a0\u00bb][et_pb_column type=\u00a0\u00bb4_4&Prime; _builder_version=\u00a0\u00bb4.16&Prime; _module_preset=\u00a0\u00bbdefault\u00a0\u00bb global_colors_info=\u00a0\u00bb{}\u00a0\u00bb][et_pb_image src=\u00a0\u00bbhttps:\/\/cmbarreal.es\/wp-content\/uploads\/2021\/03\/detector-cribas-7801.jpg\u00a0\u00bb title_text=\u00a0\u00bbd\u00e9tecteur de cribles 7801&Prime; align=\u00a0\u00bbcenter\u00a0\u00bb _builder_version=\u00a0\u00bb4.16&Prime; _module_preset=\u00a0\u00bbdefault\u00a0\u00bb global_colors_info=\u00a0\u00bb{}\u00a0\u00bb][\/et_pb_image][\/et_pb_column][\/et_pb_row][\/et_pb_section]<\/p>\n","protected":false},"excerpt":{"rendered":"<p>D\u00e9tecteur de cribles cass\u00e9sCARACTERISTIQUESLE D\u00c9TECTEUR DE CRIBLES CASS\u00c9S ou \u00ab DCR \u00bb est un excellent \u00e9quipement de travail \u00e0 installer dans votre processus de production de pr\u00e9paration d\u2019aliments pour animaux. Comme son nom l\u2019indique, son objectif est de d\u00e9tecter une rupture intempestive des cribles du broyeur. Si, pour une raison quelconque, une quantit\u00e9 importante de [&hellip;]<\/p>\n","protected":false},"author":1,"featured_media":0,"parent":2008,"menu_order":0,"comment_status":"closed","ping_status":"closed","template":"","meta":{"_et_pb_use_builder":"on","_et_pb_old_content":"","_et_gb_content_width":"","_monsterinsights_skip_tracking":false,"_monsterinsights_sitenote_active":false,"_monsterinsights_sitenote_note":"","_monsterinsights_sitenote_category":0,"footnotes":""},"class_list":["post-2039","page","type-page","status-publish","hentry"],"yoast_head":"<!-- This site is optimized with the Yoast SEO plugin v27.2 - https:\/\/yoast.com\/product\/yoast-seo-wordpress\/ -->\n<title>D\u00e9tecteur de cribles cass\u00e9s - CMB<\/title>\n<meta name=\"description\" content=\"LE D\u00c9TECTEUR DE CRIBLES CASS\u00c9S ou \u00ab DCR \u00bb est un excellent \u00e9quipement de travail \u00e0 installer dans votre processus de production de pr\u00e9paration d\u2019aliments pour animaux.\" \/>\n<meta name=\"robots\" content=\"index, follow, max-snippet:-1, max-image-preview:large, max-video-preview:-1\" \/>\n<link rel=\"canonical\" href=\"https:\/\/cmbarreal.es\/fr\/produits\/detecteur-de-cribles-casses\/\" \/>\n<meta property=\"og:locale\" content=\"fr_FR\" \/>\n<meta property=\"og:type\" content=\"article\" \/>\n<meta property=\"og:title\" content=\"D\u00e9tecteur de cribles cass\u00e9s - CMB\" \/>\n<meta property=\"og:description\" content=\"LE D\u00c9TECTEUR DE CRIBLES CASS\u00c9S ou \u00ab DCR \u00bb est un excellent \u00e9quipement de travail \u00e0 installer dans votre processus de production de pr\u00e9paration d\u2019aliments pour animaux.\" \/>\n<meta property=\"og:url\" content=\"https:\/\/cmbarreal.es\/fr\/produits\/detecteur-de-cribles-casses\/\" \/>\n<meta property=\"og:site_name\" content=\"CMB\" \/>\n<meta property=\"article:publisher\" content=\"https:\/\/www.facebook.com\/cmbarreal\" \/>\n<meta property=\"article:modified_time\" content=\"2025-02-12T11:30:03+00:00\" \/>\n<meta name=\"twitter:card\" content=\"summary_large_image\" \/>\n<meta name=\"twitter:label1\" content=\"Dur\u00e9e de lecture estim\u00e9e\" \/>\n\t<meta name=\"twitter:data1\" content=\"3 minutes\" \/>\n<script type=\"application\/ld+json\" class=\"yoast-schema-graph\">{\"@context\":\"https:\/\/schema.org\",\"@graph\":[{\"@type\":\"WebPage\",\"@id\":\"https:\/\/cmbarreal.es\/fr\/produits\/detecteur-de-cribles-casses\/\",\"url\":\"https:\/\/cmbarreal.es\/fr\/produits\/detecteur-de-cribles-casses\/\",\"name\":\"D\u00e9tecteur de cribles cass\u00e9s - CMB\",\"isPartOf\":{\"@id\":\"https:\/\/cmbarreal.es\/fr\/#website\"},\"datePublished\":\"2021-03-04T15:09:39+00:00\",\"dateModified\":\"2025-02-12T11:30:03+00:00\",\"description\":\"LE D\u00c9TECTEUR DE CRIBLES CASS\u00c9S ou \u00ab DCR \u00bb est un excellent \u00e9quipement de travail \u00e0 installer dans votre processus de production de pr\u00e9paration d\u2019aliments pour animaux.\",\"breadcrumb\":{\"@id\":\"https:\/\/cmbarreal.es\/fr\/produits\/detecteur-de-cribles-casses\/#breadcrumb\"},\"inLanguage\":\"fr-FR\",\"potentialAction\":[{\"@type\":\"ReadAction\",\"target\":[\"https:\/\/cmbarreal.es\/fr\/produits\/detecteur-de-cribles-casses\/\"]}]},{\"@type\":\"BreadcrumbList\",\"@id\":\"https:\/\/cmbarreal.es\/fr\/produits\/detecteur-de-cribles-casses\/#breadcrumb\",\"itemListElement\":[{\"@type\":\"ListItem\",\"position\":1,\"name\":\"Portada\",\"item\":\"https:\/\/cmbarreal.es\/fr\/\"},{\"@type\":\"ListItem\",\"position\":2,\"name\":\"Produits\",\"item\":\"https:\/\/cmbarreal.es\/fr\/productos\/\"},{\"@type\":\"ListItem\",\"position\":3,\"name\":\"D\u00e9tecteur de cribles cass\u00e9s\"}]},{\"@type\":\"WebSite\",\"@id\":\"https:\/\/cmbarreal.es\/fr\/#website\",\"url\":\"https:\/\/cmbarreal.es\/fr\/\",\"name\":\"CM Barreal\",\"description\":\"Construcciones y Montajes Barreal\",\"publisher\":{\"@id\":\"https:\/\/cmbarreal.es\/fr\/#organization\"},\"potentialAction\":[{\"@type\":\"SearchAction\",\"target\":{\"@type\":\"EntryPoint\",\"urlTemplate\":\"https:\/\/cmbarreal.es\/fr\/?s={search_term_string}\"},\"query-input\":{\"@type\":\"PropertyValueSpecification\",\"valueRequired\":true,\"valueName\":\"search_term_string\"}}],\"inLanguage\":\"fr-FR\"},{\"@type\":\"Organization\",\"@id\":\"https:\/\/cmbarreal.es\/fr\/#organization\",\"name\":\"Construcciones y Montajes Barreal\",\"url\":\"https:\/\/cmbarreal.es\/fr\/\",\"logo\":{\"@type\":\"ImageObject\",\"inLanguage\":\"fr-FR\",\"@id\":\"https:\/\/cmbarreal.es\/fr\/#\/schema\/logo\/image\/\",\"url\":\"https:\/\/cmbarreal.es\/wp-content\/uploads\/2021\/02\/logo512-transparente.png\",\"contentUrl\":\"https:\/\/cmbarreal.es\/wp-content\/uploads\/2021\/02\/logo512-transparente.png\",\"width\":512,\"height\":512,\"caption\":\"Construcciones y Montajes Barreal\"},\"image\":{\"@id\":\"https:\/\/cmbarreal.es\/fr\/#\/schema\/logo\/image\/\"},\"sameAs\":[\"https:\/\/www.facebook.com\/cmbarreal\",\"https:\/\/www.linkedin.com\/company\/construcciones-y-montajes-barreal-s-l\/\"]}]}<\/script>\n<!-- \/ Yoast SEO plugin. -->","yoast_head_json":{"title":"D\u00e9tecteur de cribles cass\u00e9s - CMB","description":"LE D\u00c9TECTEUR DE CRIBLES CASS\u00c9S ou \u00ab DCR \u00bb est un excellent \u00e9quipement de travail \u00e0 installer dans votre processus de production de pr\u00e9paration d\u2019aliments pour animaux.","robots":{"index":"index","follow":"follow","max-snippet":"max-snippet:-1","max-image-preview":"max-image-preview:large","max-video-preview":"max-video-preview:-1"},"canonical":"https:\/\/cmbarreal.es\/fr\/produits\/detecteur-de-cribles-casses\/","og_locale":"fr_FR","og_type":"article","og_title":"D\u00e9tecteur de cribles cass\u00e9s - CMB","og_description":"LE D\u00c9TECTEUR DE CRIBLES CASS\u00c9S ou \u00ab DCR \u00bb est un excellent \u00e9quipement de travail \u00e0 installer dans votre processus de production de pr\u00e9paration d\u2019aliments pour animaux.","og_url":"https:\/\/cmbarreal.es\/fr\/produits\/detecteur-de-cribles-casses\/","og_site_name":"CMB","article_publisher":"https:\/\/www.facebook.com\/cmbarreal","article_modified_time":"2025-02-12T11:30:03+00:00","twitter_card":"summary_large_image","twitter_misc":{"Dur\u00e9e de lecture estim\u00e9e":"3 minutes"},"schema":{"@context":"https:\/\/schema.org","@graph":[{"@type":"WebPage","@id":"https:\/\/cmbarreal.es\/fr\/produits\/detecteur-de-cribles-casses\/","url":"https:\/\/cmbarreal.es\/fr\/produits\/detecteur-de-cribles-casses\/","name":"D\u00e9tecteur de cribles cass\u00e9s - CMB","isPartOf":{"@id":"https:\/\/cmbarreal.es\/fr\/#website"},"datePublished":"2021-03-04T15:09:39+00:00","dateModified":"2025-02-12T11:30:03+00:00","description":"LE D\u00c9TECTEUR DE CRIBLES CASS\u00c9S ou \u00ab DCR \u00bb est un excellent \u00e9quipement de travail \u00e0 installer dans votre processus de production de pr\u00e9paration d\u2019aliments pour animaux.","breadcrumb":{"@id":"https:\/\/cmbarreal.es\/fr\/produits\/detecteur-de-cribles-casses\/#breadcrumb"},"inLanguage":"fr-FR","potentialAction":[{"@type":"ReadAction","target":["https:\/\/cmbarreal.es\/fr\/produits\/detecteur-de-cribles-casses\/"]}]},{"@type":"BreadcrumbList","@id":"https:\/\/cmbarreal.es\/fr\/produits\/detecteur-de-cribles-casses\/#breadcrumb","itemListElement":[{"@type":"ListItem","position":1,"name":"Portada","item":"https:\/\/cmbarreal.es\/fr\/"},{"@type":"ListItem","position":2,"name":"Produits","item":"https:\/\/cmbarreal.es\/fr\/productos\/"},{"@type":"ListItem","position":3,"name":"D\u00e9tecteur de cribles cass\u00e9s"}]},{"@type":"WebSite","@id":"https:\/\/cmbarreal.es\/fr\/#website","url":"https:\/\/cmbarreal.es\/fr\/","name":"CM Barreal","description":"Construcciones y Montajes Barreal","publisher":{"@id":"https:\/\/cmbarreal.es\/fr\/#organization"},"potentialAction":[{"@type":"SearchAction","target":{"@type":"EntryPoint","urlTemplate":"https:\/\/cmbarreal.es\/fr\/?s={search_term_string}"},"query-input":{"@type":"PropertyValueSpecification","valueRequired":true,"valueName":"search_term_string"}}],"inLanguage":"fr-FR"},{"@type":"Organization","@id":"https:\/\/cmbarreal.es\/fr\/#organization","name":"Construcciones y Montajes Barreal","url":"https:\/\/cmbarreal.es\/fr\/","logo":{"@type":"ImageObject","inLanguage":"fr-FR","@id":"https:\/\/cmbarreal.es\/fr\/#\/schema\/logo\/image\/","url":"https:\/\/cmbarreal.es\/wp-content\/uploads\/2021\/02\/logo512-transparente.png","contentUrl":"https:\/\/cmbarreal.es\/wp-content\/uploads\/2021\/02\/logo512-transparente.png","width":512,"height":512,"caption":"Construcciones y Montajes Barreal"},"image":{"@id":"https:\/\/cmbarreal.es\/fr\/#\/schema\/logo\/image\/"},"sameAs":["https:\/\/www.facebook.com\/cmbarreal","https:\/\/www.linkedin.com\/company\/construcciones-y-montajes-barreal-s-l\/"]}]}},"_links":{"self":[{"href":"https:\/\/cmbarreal.es\/fr\/wp-json\/wp\/v2\/pages\/2039","targetHints":{"allow":["GET"]}}],"collection":[{"href":"https:\/\/cmbarreal.es\/fr\/wp-json\/wp\/v2\/pages"}],"about":[{"href":"https:\/\/cmbarreal.es\/fr\/wp-json\/wp\/v2\/types\/page"}],"author":[{"embeddable":true,"href":"https:\/\/cmbarreal.es\/fr\/wp-json\/wp\/v2\/users\/1"}],"replies":[{"embeddable":true,"href":"https:\/\/cmbarreal.es\/fr\/wp-json\/wp\/v2\/comments?post=2039"}],"version-history":[{"count":13,"href":"https:\/\/cmbarreal.es\/fr\/wp-json\/wp\/v2\/pages\/2039\/revisions"}],"predecessor-version":[{"id":2223,"href":"https:\/\/cmbarreal.es\/fr\/wp-json\/wp\/v2\/pages\/2039\/revisions\/2223"}],"up":[{"embeddable":true,"href":"https:\/\/cmbarreal.es\/fr\/wp-json\/wp\/v2\/pages\/2008"}],"wp:attachment":[{"href":"https:\/\/cmbarreal.es\/fr\/wp-json\/wp\/v2\/media?parent=2039"}],"curies":[{"name":"wp","href":"https:\/\/api.w.org\/{rel}","templated":true}]}}