{"id":2064,"date":"2021-03-04T16:14:37","date_gmt":"2021-03-04T15:14:37","guid":{"rendered":"https:\/\/cmbarreal.es\/produits\/filtres\/"},"modified":"2025-02-12T12:06:13","modified_gmt":"2025-02-12T11:06:13","slug":"filtres","status":"publish","type":"page","link":"https:\/\/cmbarreal.es\/fr\/produits\/filtres\/","title":{"rendered":"Filtres"},"content":{"rendered":"<p>[et_pb_section fb_built=\u00a0\u00bb1&Prime; admin_label=\u00a0\u00bbHero\u00a0\u00bb _builder_version=\u00a0\u00bb4.16&Prime; use_background_color_gradient=\u00a0\u00bbon\u00a0\u00bb background_color_gradient_type=\u00a0\u00bbcircular\u00a0\u00bb background_color_gradient_direction_radial=\u00a0\u00bbtop left\u00a0\u00bb background_color_gradient_stops=\u00a0\u00bbrgba(40,40,40,0.79) 0%|rgba(40,40,40,0.86) 100%\u00a0\u00bb background_color_gradient_overlays_image=\u00a0\u00bbon\u00a0\u00bb background_color_gradient_start=\u00a0\u00bbrgba(40,40,40,0.79)\u00a0\u00bb background_color_gradient_end=\u00a0\u00bbrgba(40,40,40,0.86)\u00a0\u00bb background_image=\u00a0\u00bbhttps:\/\/cmbarreal.es\/wp-content\/uploads\/2021\/02\/construction-21.jpg\u00a0\u00bb custom_margin=\u00a0\u00bb||||false\u00a0\u00bb custom_padding=\u00a0\u00bb6vw||6vw||true|false\u00a0\u00bb locked=\u00a0\u00bboff\u00a0\u00bb global_colors_info=\u00a0\u00bb{}\u00a0\u00bb][et_pb_row column_structure=\u00a0\u00bb2_3,1_3&Prime; _builder_version=\u00a0\u00bb4.16&Prime; custom_padding=\u00a0\u00bb|||20px|false|false\u00a0\u00bb border_width_left=\u00a0\u00bb12px\u00a0\u00bb border_color_left=\u00a0\u00bb#e80441&Prime; global_colors_info=\u00a0\u00bb{}\u00a0\u00bb][et_pb_column type=\u00a0\u00bb2_3&Prime; _builder_version=\u00a0\u00bb4.16&Prime; custom_padding=\u00a0\u00bb|||\u00a0\u00bb global_colors_info=\u00a0\u00bb{}\u00a0\u00bb custom_padding__hover=\u00a0\u00bb|||\u00a0\u00bb][et_pb_text _builder_version=\u00a0\u00bb4.16&Prime; text_font=\u00a0\u00bb||||||||\u00a0\u00bb header_font=\u00a0\u00bbBarlow Condensed|700|||||||\u00a0\u00bb header_font_size=\u00a0\u00bb64px\u00a0\u00bb header_line_height=\u00a0\u00bb1.1em\u00a0\u00bb background_layout=\u00a0\u00bbdark\u00a0\u00bb max_width=\u00a0\u00bb800px\u00a0\u00bb custom_margin=\u00a0\u00bb||0px|\u00a0\u00bb custom_padding=\u00a0\u00bb||||false|false\u00a0\u00bb text_font_size_tablet=\u00a0\u00bb14px\u00a0\u00bb text_font_size_last_edited=\u00a0\u00bboff|desktop\u00a0\u00bb header_font_size_tablet=\u00a0\u00bb44px\u00a0\u00bb header_font_size_phone=\u00a0\u00bb32px\u00a0\u00bb header_font_size_last_edited=\u00a0\u00bbon|phone\u00a0\u00bb border_color_all=\u00a0\u00bb#ffb400&Prime; border_style_all=\u00a0\u00bbnone\u00a0\u00bb border_width_left=\u00a0\u00bb10px\u00a0\u00bb global_colors_info=\u00a0\u00bb{}\u00a0\u00bb]<\/p>\n<h1>Filtres<\/h1>\n<p>[\/et_pb_text][\/et_pb_column][et_pb_column type=\u00a0\u00bb1_3&Prime; _builder_version=\u00a0\u00bb4.16&Prime; custom_padding=\u00a0\u00bb|||\u00a0\u00bb global_colors_info=\u00a0\u00bb{}\u00a0\u00bb custom_padding__hover=\u00a0\u00bb|||\u00a0\u00bb][\/et_pb_column][\/et_pb_row][\/et_pb_section][et_pb_section fb_built=\u00a0\u00bb1&Prime; _builder_version=\u00a0\u00bb4.16&Prime; _module_preset=\u00a0\u00bbdefault\u00a0\u00bb background_color=\u00a0\u00bbRGBA(0,0,0,0)\u00a0\u00bb custom_padding=\u00a0\u00bb60px||60px|||\u00a0\u00bb global_colors_info=\u00a0\u00bb{}\u00a0\u00bb][et_pb_row column_structure=\u00a0\u00bb1_2,1_2&Prime; _builder_version=\u00a0\u00bb4.16&Prime; _module_preset=\u00a0\u00bbdefault\u00a0\u00bb custom_padding=\u00a0\u00bb0px||0px|||\u00a0\u00bb global_colors_info=\u00a0\u00bb{}\u00a0\u00bb][et_pb_column type=\u00a0\u00bb1_2&Prime; _builder_version=\u00a0\u00bb4.16&Prime; _module_preset=\u00a0\u00bbdefault\u00a0\u00bb global_colors_info=\u00a0\u00bb{}\u00a0\u00bb][et_pb_text _builder_version=\u00a0\u00bb4.16&Prime; _module_preset=\u00a0\u00bbdefault\u00a0\u00bb header_2_font=\u00a0\u00bbBarlow Condensed|700|||||||\u00a0\u00bb header_2_font_size=\u00a0\u00bb42px\u00a0\u00bb custom_padding=\u00a0\u00bb0px|||||\u00a0\u00bb locked=\u00a0\u00bboff\u00a0\u00bb global_colors_info=\u00a0\u00bb{}\u00a0\u00bb]<\/p>\n<h2>CARACTERISTIQUES<\/h2>\n<p>[\/et_pb_text][et_pb_divider divider_weight=\u00a0\u00bb6px\u00a0\u00bb _builder_version=\u00a0\u00bb4.16&Prime; _module_preset=\u00a0\u00bbdefault\u00a0\u00bb width=\u00a0\u00bb12%\u00a0\u00bb global_colors_info=\u00a0\u00bb{}\u00a0\u00bb][\/et_pb_divider][et_pb_text _builder_version=\u00a0\u00bb4.16&Prime; _module_preset=\u00a0\u00bbdefault\u00a0\u00bb text_font_size=\u00a0\u00bb15px\u00a0\u00bb custom_margin=\u00a0\u00bb|100px|||false|false\u00a0\u00bb global_colors_info=\u00a0\u00bb{}\u00a0\u00bb]<\/p>\n<p>Ces filtres agissent dans la s\u00e9paration des solides. Pour ce faire, l\u2019air contenant des particules en suspension passe \u00e0 travers un ventilateur, puis \u00e0 travers le tissu qui forme le sac, de sorte que les particules sont retenues entre les mailles de la surface filtrante.<\/p>\n<p>Le mat\u00e9riel du tissu filtrant doit \u00eatre adapt\u00e9 \u00e0 l\u2019utilisation pr\u00e9vue et aux conditions existantes telles que la temp\u00e9rature ou la pr\u00e9sence de produits corrosifs. La taille des pores limite la taille minimale des particules retenues.<\/p>\n<p>Les poussi\u00e8res accumul\u00e9es doivent \u00eatre trait\u00e9es de mani\u00e8re appropri\u00e9e. Dans certains proc\u00e9d\u00e9s, elles peuvent \u00eatre r\u00e9introduites dans le processus de fabrication.<\/p>\n<p>[\/et_pb_text][et_pb_text _builder_version=\u00a0\u00bb4.27.4&Prime; _module_preset=\u00a0\u00bbdefault\u00a0\u00bb header_3_font=\u00a0\u00bbBarlow Condensed||||||||\u00a0\u00bb header_3_font_size=\u00a0\u00bb14px\u00a0\u00bb header_3_letter_spacing=\u00a0\u00bb3px\u00a0\u00bb hover_enabled=\u00a0\u00bb0&Prime; locked=\u00a0\u00bboff\u00a0\u00bb global_colors_info=\u00a0\u00bb{}\u00a0\u00bb sticky_enabled=\u00a0\u00bb0&Prime;]<\/p>\n<h3><a href=\"https:\/\/cmbarreal.es\/fr\/produits\/\">EN SAVOIR PLUS SUR LES PRODUITS<\/a><\/h3>\n<p>[\/et_pb_text][\/et_pb_column][et_pb_column type=\u00a0\u00bb1_2&Prime; _builder_version=\u00a0\u00bb4.16&Prime; _module_preset=\u00a0\u00bbdefault\u00a0\u00bb global_colors_info=\u00a0\u00bb{}\u00a0\u00bb][et_pb_image src=\u00a0\u00bbhttps:\/\/cmbarreal.es\/wp-content\/uploads\/2021\/03\/filtros-7790.jpg\u00a0\u00bb title_text=\u00a0\u00bbfiltres 7790&Prime; _builder_version=\u00a0\u00bb4.16&Prime; _module_preset=\u00a0\u00bbdefault\u00a0\u00bb custom_margin=\u00a0\u00bb|||-120px|false|false\u00a0\u00bb custom_padding=\u00a0\u00bb||||false|false\u00a0\u00bb global_colors_info=\u00a0\u00bb{}\u00a0\u00bb][\/et_pb_image][\/et_pb_column][\/et_pb_row][\/et_pb_section][et_pb_section fb_built=\u00a0\u00bb1&Prime; make_equal=\u00a0\u00bbon\u00a0\u00bb use_custom_gutter=\u00a0\u00bbon\u00a0\u00bb gutter_width=\u00a0\u00bb1&Prime; specialty=\u00a0\u00bbon\u00a0\u00bb padding_top_1=\u00a0\u00bb0px\u00a0\u00bb admin_label=\u00a0\u00bbWork Section\u00a0\u00bb _builder_version=\u00a0\u00bb4.16&Prime; custom_padding=\u00a0\u00bb60px||60px|||\u00a0\u00bb locked=\u00a0\u00bboff\u00a0\u00bb global_colors_info=\u00a0\u00bb{}\u00a0\u00bb][et_pb_column type=\u00a0\u00bb1_2&Prime; _builder_version=\u00a0\u00bb4.16&Prime; custom_padding=\u00a0\u00bb|||\u00a0\u00bb global_colors_info=\u00a0\u00bb{}\u00a0\u00bb padding_top__hover=\u00a0\u00bb0px\u00a0\u00bb parallax__hover=\u00a0\u00bboff\u00a0\u00bb parallax_method__hover=\u00a0\u00bbon\u00a0\u00bb custom_padding__hover=\u00a0\u00bb|||\u00a0\u00bb][et_pb_image src=\u00a0\u00bbhttps:\/\/cmbarreal.es\/wp-content\/uploads\/2021\/03\/filtros-7791.jpg\u00a0\u00bb title_text=\u00a0\u00bbfiltres 7791&Prime; show_in_lightbox=\u00a0\u00bbon\u00a0\u00bb align_tablet=\u00a0\u00bbcenter\u00a0\u00bb align_phone=\u00a0\u00bb\u00a0\u00bb align_last_edited=\u00a0\u00bbon|desktop\u00a0\u00bb _builder_version=\u00a0\u00bb4.16&Prime; animation_style=\u00a0\u00bbflip\u00a0\u00bb box_shadow_style=\u00a0\u00bbpreset7&Prime; box_shadow_horizontal=\u00a0\u00bb0px\u00a0\u00bb box_shadow_vertical=\u00a0\u00bb0px\u00a0\u00bb box_shadow_spread=\u00a0\u00bb10px\u00a0\u00bb box_shadow_color=\u00a0\u00bb#ffffff\u00a0\u00bb global_colors_info=\u00a0\u00bb{}\u00a0\u00bb][\/et_pb_image][\/et_pb_column][et_pb_column type=\u00a0\u00bb1_2&Prime; specialty_columns=\u00a0\u00bb2&Prime; _builder_version=\u00a0\u00bb4.16&Prime; custom_padding=\u00a0\u00bb|||\u00a0\u00bb global_colors_info=\u00a0\u00bb{}\u00a0\u00bb parallax__hover=\u00a0\u00bboff\u00a0\u00bb parallax_method__hover=\u00a0\u00bbon\u00a0\u00bb custom_padding__hover=\u00a0\u00bb|||\u00a0\u00bb][et_pb_row_inner column_structure=\u00a0\u00bb1_2,1_2&Prime; _builder_version=\u00a0\u00bb4.16&Prime; custom_padding=\u00a0\u00bb0px||0px|\u00a0\u00bb global_colors_info=\u00a0\u00bb{}\u00a0\u00bb][et_pb_column_inner type=\u00a0\u00bb1_2&Prime; saved_specialty_column_type=\u00a0\u00bb1_2&Prime; _builder_version=\u00a0\u00bb4.16&Prime; custom_padding=\u00a0\u00bb|||\u00a0\u00bb global_colors_info=\u00a0\u00bb{}\u00a0\u00bb parallax__hover=\u00a0\u00bboff\u00a0\u00bb parallax_method__hover=\u00a0\u00bbon\u00a0\u00bb custom_padding__hover=\u00a0\u00bb|||\u00a0\u00bb][et_pb_image src=\u00a0\u00bbhttps:\/\/cmbarreal.es\/wp-content\/uploads\/2021\/03\/filtros-7792.jpg\u00a0\u00bb title_text=\u00a0\u00bbfiltres 7792&Prime; show_in_lightbox=\u00a0\u00bbon\u00a0\u00bb align_tablet=\u00a0\u00bbcenter\u00a0\u00bb align_phone=\u00a0\u00bb\u00a0\u00bb align_last_edited=\u00a0\u00bbon|desktop\u00a0\u00bb _builder_version=\u00a0\u00bb4.16&Prime; animation_style=\u00a0\u00bbflip\u00a0\u00bb animation_direction=\u00a0\u00bbright\u00a0\u00bb box_shadow_style=\u00a0\u00bbpreset7&Prime; box_shadow_horizontal=\u00a0\u00bb0px\u00a0\u00bb box_shadow_vertical=\u00a0\u00bb0px\u00a0\u00bb box_shadow_spread=\u00a0\u00bb10px\u00a0\u00bb box_shadow_color=\u00a0\u00bb#ffffff\u00a0\u00bb global_colors_info=\u00a0\u00bb{}\u00a0\u00bb][\/et_pb_image][\/et_pb_column_inner][et_pb_column_inner type=\u00a0\u00bb1_2&Prime; saved_specialty_column_type=\u00a0\u00bb1_2&Prime; _builder_version=\u00a0\u00bb4.16&Prime; custom_padding=\u00a0\u00bb|||\u00a0\u00bb global_colors_info=\u00a0\u00bb{}\u00a0\u00bb parallax__hover=\u00a0\u00bboff\u00a0\u00bb parallax_method__hover=\u00a0\u00bbon\u00a0\u00bb custom_padding__hover=\u00a0\u00bb|||\u00a0\u00bb][\/et_pb_column_inner][\/et_pb_row_inner][et_pb_row_inner _builder_version=\u00a0\u00bb4.16&Prime; custom_padding=\u00a0\u00bb0px||0px|\u00a0\u00bb global_colors_info=\u00a0\u00bb{}\u00a0\u00bb][et_pb_column_inner saved_specialty_column_type=\u00a0\u00bb1_2&Prime; _builder_version=\u00a0\u00bb4.16&Prime; custom_padding=\u00a0\u00bb|||\u00a0\u00bb global_colors_info=\u00a0\u00bb{}\u00a0\u00bb parallax__hover=\u00a0\u00bboff\u00a0\u00bb parallax_method__hover=\u00a0\u00bbon\u00a0\u00bb custom_padding__hover=\u00a0\u00bb|||\u00a0\u00bb][et_pb_image src=\u00a0\u00bbhttps:\/\/cmbarreal.es\/wp-content\/uploads\/2021\/03\/filtros-7793.jpg\u00a0\u00bb title_text=\u00a0\u00bbfiltres 7793&Prime; show_in_lightbox=\u00a0\u00bbon\u00a0\u00bb align_tablet=\u00a0\u00bbcenter\u00a0\u00bb align_phone=\u00a0\u00bb\u00a0\u00bb align_last_edited=\u00a0\u00bbon|desktop\u00a0\u00bb _builder_version=\u00a0\u00bb4.16&Prime; animation_style=\u00a0\u00bbflip\u00a0\u00bb animation_direction=\u00a0\u00bbright\u00a0\u00bb box_shadow_style=\u00a0\u00bbpreset7&Prime; box_shadow_horizontal=\u00a0\u00bb0px\u00a0\u00bb box_shadow_vertical=\u00a0\u00bb0px\u00a0\u00bb box_shadow_spread=\u00a0\u00bb10px\u00a0\u00bb box_shadow_color=\u00a0\u00bb#ffffff\u00a0\u00bb global_colors_info=\u00a0\u00bb{}\u00a0\u00bb][\/et_pb_image][\/et_pb_column_inner][\/et_pb_row_inner][\/et_pb_column][\/et_pb_section]<\/p>\n","protected":false},"excerpt":{"rendered":"<p>FiltresCARACTERISTIQUESCes filtres agissent dans la s\u00e9paration des solides. Pour ce faire, l\u2019air contenant des particules en suspension passe \u00e0 travers un ventilateur, puis \u00e0 travers le tissu qui forme le sac, de sorte que les particules sont retenues entre les mailles de la surface filtrante. Le mat\u00e9riel du tissu filtrant doit \u00eatre adapt\u00e9 \u00e0 l\u2019utilisation [&hellip;]<\/p>\n","protected":false},"author":1,"featured_media":0,"parent":2008,"menu_order":0,"comment_status":"closed","ping_status":"closed","template":"","meta":{"_et_pb_use_builder":"on","_et_pb_old_content":"","_et_gb_content_width":"","_monsterinsights_skip_tracking":false,"_monsterinsights_sitenote_active":false,"_monsterinsights_sitenote_note":"","_monsterinsights_sitenote_category":0,"footnotes":""},"class_list":["post-2064","page","type-page","status-publish","hentry"],"yoast_head":"<!-- This site is optimized with the Yoast SEO plugin v27.2 - https:\/\/yoast.com\/product\/yoast-seo-wordpress\/ -->\n<title>Filtres - CMB<\/title>\n<meta name=\"description\" content=\"Ces filtres agissent dans la s\u00e9paration des solides. L\u2019air contenant des particules en suspension passe \u00e0 travers un ventilateur, puis \u00e0 travers le tissu qui forme le sac.\" \/>\n<meta name=\"robots\" content=\"index, follow, max-snippet:-1, max-image-preview:large, max-video-preview:-1\" \/>\n<link rel=\"canonical\" href=\"https:\/\/cmbarreal.es\/fr\/produits\/filtres\/\" \/>\n<meta property=\"og:locale\" content=\"fr_FR\" \/>\n<meta property=\"og:type\" content=\"article\" \/>\n<meta property=\"og:title\" content=\"Filtres - CMB\" \/>\n<meta property=\"og:description\" content=\"Ces filtres agissent dans la s\u00e9paration des solides. L\u2019air contenant des particules en suspension passe \u00e0 travers un ventilateur, puis \u00e0 travers le tissu qui forme le sac.\" \/>\n<meta property=\"og:url\" content=\"https:\/\/cmbarreal.es\/fr\/produits\/filtres\/\" \/>\n<meta property=\"og:site_name\" content=\"CMB\" \/>\n<meta property=\"article:publisher\" content=\"https:\/\/www.facebook.com\/cmbarreal\" \/>\n<meta property=\"article:modified_time\" content=\"2025-02-12T11:06:13+00:00\" \/>\n<meta name=\"twitter:card\" content=\"summary_large_image\" \/>\n<meta name=\"twitter:label1\" content=\"Dur\u00e9e de lecture estim\u00e9e\" \/>\n\t<meta name=\"twitter:data1\" content=\"2 minutes\" \/>\n<script type=\"application\/ld+json\" class=\"yoast-schema-graph\">{\"@context\":\"https:\/\/schema.org\",\"@graph\":[{\"@type\":\"WebPage\",\"@id\":\"https:\/\/cmbarreal.es\/fr\/produits\/filtres\/\",\"url\":\"https:\/\/cmbarreal.es\/fr\/produits\/filtres\/\",\"name\":\"Filtres - CMB\",\"isPartOf\":{\"@id\":\"https:\/\/cmbarreal.es\/fr\/#website\"},\"datePublished\":\"2021-03-04T15:14:37+00:00\",\"dateModified\":\"2025-02-12T11:06:13+00:00\",\"description\":\"Ces filtres agissent dans la s\u00e9paration des solides. L\u2019air contenant des particules en suspension passe \u00e0 travers un ventilateur, puis \u00e0 travers le tissu qui forme le sac.\",\"breadcrumb\":{\"@id\":\"https:\/\/cmbarreal.es\/fr\/produits\/filtres\/#breadcrumb\"},\"inLanguage\":\"fr-FR\",\"potentialAction\":[{\"@type\":\"ReadAction\",\"target\":[\"https:\/\/cmbarreal.es\/fr\/produits\/filtres\/\"]}]},{\"@type\":\"BreadcrumbList\",\"@id\":\"https:\/\/cmbarreal.es\/fr\/produits\/filtres\/#breadcrumb\",\"itemListElement\":[{\"@type\":\"ListItem\",\"position\":1,\"name\":\"Portada\",\"item\":\"https:\/\/cmbarreal.es\/fr\/\"},{\"@type\":\"ListItem\",\"position\":2,\"name\":\"Produits\",\"item\":\"https:\/\/cmbarreal.es\/fr\/productos\/\"},{\"@type\":\"ListItem\",\"position\":3,\"name\":\"Filtres\"}]},{\"@type\":\"WebSite\",\"@id\":\"https:\/\/cmbarreal.es\/fr\/#website\",\"url\":\"https:\/\/cmbarreal.es\/fr\/\",\"name\":\"CM Barreal\",\"description\":\"Construcciones y Montajes Barreal\",\"publisher\":{\"@id\":\"https:\/\/cmbarreal.es\/fr\/#organization\"},\"potentialAction\":[{\"@type\":\"SearchAction\",\"target\":{\"@type\":\"EntryPoint\",\"urlTemplate\":\"https:\/\/cmbarreal.es\/fr\/?s={search_term_string}\"},\"query-input\":{\"@type\":\"PropertyValueSpecification\",\"valueRequired\":true,\"valueName\":\"search_term_string\"}}],\"inLanguage\":\"fr-FR\"},{\"@type\":\"Organization\",\"@id\":\"https:\/\/cmbarreal.es\/fr\/#organization\",\"name\":\"Construcciones y Montajes Barreal\",\"url\":\"https:\/\/cmbarreal.es\/fr\/\",\"logo\":{\"@type\":\"ImageObject\",\"inLanguage\":\"fr-FR\",\"@id\":\"https:\/\/cmbarreal.es\/fr\/#\/schema\/logo\/image\/\",\"url\":\"https:\/\/cmbarreal.es\/wp-content\/uploads\/2021\/02\/logo512-transparente.png\",\"contentUrl\":\"https:\/\/cmbarreal.es\/wp-content\/uploads\/2021\/02\/logo512-transparente.png\",\"width\":512,\"height\":512,\"caption\":\"Construcciones y Montajes Barreal\"},\"image\":{\"@id\":\"https:\/\/cmbarreal.es\/fr\/#\/schema\/logo\/image\/\"},\"sameAs\":[\"https:\/\/www.facebook.com\/cmbarreal\",\"https:\/\/www.linkedin.com\/company\/construcciones-y-montajes-barreal-s-l\/\"]}]}<\/script>\n<!-- \/ Yoast SEO plugin. -->","yoast_head_json":{"title":"Filtres - CMB","description":"Ces filtres agissent dans la s\u00e9paration des solides. L\u2019air contenant des particules en suspension passe \u00e0 travers un ventilateur, puis \u00e0 travers le tissu qui forme le sac.","robots":{"index":"index","follow":"follow","max-snippet":"max-snippet:-1","max-image-preview":"max-image-preview:large","max-video-preview":"max-video-preview:-1"},"canonical":"https:\/\/cmbarreal.es\/fr\/produits\/filtres\/","og_locale":"fr_FR","og_type":"article","og_title":"Filtres - CMB","og_description":"Ces filtres agissent dans la s\u00e9paration des solides. L\u2019air contenant des particules en suspension passe \u00e0 travers un ventilateur, puis \u00e0 travers le tissu qui forme le sac.","og_url":"https:\/\/cmbarreal.es\/fr\/produits\/filtres\/","og_site_name":"CMB","article_publisher":"https:\/\/www.facebook.com\/cmbarreal","article_modified_time":"2025-02-12T11:06:13+00:00","twitter_card":"summary_large_image","twitter_misc":{"Dur\u00e9e de lecture estim\u00e9e":"2 minutes"},"schema":{"@context":"https:\/\/schema.org","@graph":[{"@type":"WebPage","@id":"https:\/\/cmbarreal.es\/fr\/produits\/filtres\/","url":"https:\/\/cmbarreal.es\/fr\/produits\/filtres\/","name":"Filtres - CMB","isPartOf":{"@id":"https:\/\/cmbarreal.es\/fr\/#website"},"datePublished":"2021-03-04T15:14:37+00:00","dateModified":"2025-02-12T11:06:13+00:00","description":"Ces filtres agissent dans la s\u00e9paration des solides. L\u2019air contenant des particules en suspension passe \u00e0 travers un ventilateur, puis \u00e0 travers le tissu qui forme le sac.","breadcrumb":{"@id":"https:\/\/cmbarreal.es\/fr\/produits\/filtres\/#breadcrumb"},"inLanguage":"fr-FR","potentialAction":[{"@type":"ReadAction","target":["https:\/\/cmbarreal.es\/fr\/produits\/filtres\/"]}]},{"@type":"BreadcrumbList","@id":"https:\/\/cmbarreal.es\/fr\/produits\/filtres\/#breadcrumb","itemListElement":[{"@type":"ListItem","position":1,"name":"Portada","item":"https:\/\/cmbarreal.es\/fr\/"},{"@type":"ListItem","position":2,"name":"Produits","item":"https:\/\/cmbarreal.es\/fr\/productos\/"},{"@type":"ListItem","position":3,"name":"Filtres"}]},{"@type":"WebSite","@id":"https:\/\/cmbarreal.es\/fr\/#website","url":"https:\/\/cmbarreal.es\/fr\/","name":"CM Barreal","description":"Construcciones y Montajes Barreal","publisher":{"@id":"https:\/\/cmbarreal.es\/fr\/#organization"},"potentialAction":[{"@type":"SearchAction","target":{"@type":"EntryPoint","urlTemplate":"https:\/\/cmbarreal.es\/fr\/?s={search_term_string}"},"query-input":{"@type":"PropertyValueSpecification","valueRequired":true,"valueName":"search_term_string"}}],"inLanguage":"fr-FR"},{"@type":"Organization","@id":"https:\/\/cmbarreal.es\/fr\/#organization","name":"Construcciones y Montajes Barreal","url":"https:\/\/cmbarreal.es\/fr\/","logo":{"@type":"ImageObject","inLanguage":"fr-FR","@id":"https:\/\/cmbarreal.es\/fr\/#\/schema\/logo\/image\/","url":"https:\/\/cmbarreal.es\/wp-content\/uploads\/2021\/02\/logo512-transparente.png","contentUrl":"https:\/\/cmbarreal.es\/wp-content\/uploads\/2021\/02\/logo512-transparente.png","width":512,"height":512,"caption":"Construcciones y Montajes Barreal"},"image":{"@id":"https:\/\/cmbarreal.es\/fr\/#\/schema\/logo\/image\/"},"sameAs":["https:\/\/www.facebook.com\/cmbarreal","https:\/\/www.linkedin.com\/company\/construcciones-y-montajes-barreal-s-l\/"]}]}},"_links":{"self":[{"href":"https:\/\/cmbarreal.es\/fr\/wp-json\/wp\/v2\/pages\/2064","targetHints":{"allow":["GET"]}}],"collection":[{"href":"https:\/\/cmbarreal.es\/fr\/wp-json\/wp\/v2\/pages"}],"about":[{"href":"https:\/\/cmbarreal.es\/fr\/wp-json\/wp\/v2\/types\/page"}],"author":[{"embeddable":true,"href":"https:\/\/cmbarreal.es\/fr\/wp-json\/wp\/v2\/users\/1"}],"replies":[{"embeddable":true,"href":"https:\/\/cmbarreal.es\/fr\/wp-json\/wp\/v2\/comments?post=2064"}],"version-history":[{"count":4,"href":"https:\/\/cmbarreal.es\/fr\/wp-json\/wp\/v2\/pages\/2064\/revisions"}],"predecessor-version":[{"id":2192,"href":"https:\/\/cmbarreal.es\/fr\/wp-json\/wp\/v2\/pages\/2064\/revisions\/2192"}],"up":[{"embeddable":true,"href":"https:\/\/cmbarreal.es\/fr\/wp-json\/wp\/v2\/pages\/2008"}],"wp:attachment":[{"href":"https:\/\/cmbarreal.es\/fr\/wp-json\/wp\/v2\/media?parent=2064"}],"curies":[{"name":"wp","href":"https:\/\/api.w.org\/{rel}","templated":true}]}}